{"id":2184,"date":"2026-01-30T18:00:29","date_gmt":"2026-01-30T17:00:29","guid":{"rendered":"https:\/\/www.kettmeir.com\/?page_id=2184"},"modified":"2026-02-06T17:00:44","modified_gmt":"2026-02-06T16:00:44","slug":"privacy-policy-3","status":"publish","type":"page","link":"https:\/\/www.kettmeir.com\/de\/privacy-policy-newsletter\/","title":{"rendered":"Privacy Policy"},"content":{"rendered":"<p class=\"p1\"><b>AUFKL\u00c4RUNGSSCHREIBEN ZUR VERARBEITUNG PERSONENBEZOGENER DATEN<\/b><\/p>\n<p>&nbsp;<\/p>\n<p class=\"p2\">Herita Marzotto Wines S.p.A. informiert als Tr\u00e4ger der Verarbeitung personenbezogener Daten (im Folgenden \u201eTr\u00e4ger\u201c und\/oder \u201e Herita) mit diesem Schreiben den Betroffenen unter Einhaltung der Europ\u00e4ischen und Italienischen Verordnung zum Schutz personenbezogener Daten.<\/p>\n<p class=\"p2\">Zu den hier beschriebenen Zwecken handelt Herita als Tr\u00e4ger der Datenverarbeitung in Bezug auf die Produkte und Dienstleistungen der eigenen Marken (<b>Santa Margherita<\/b>, <b>Kettmeir<\/b> und <b>Torresella<\/b>), aber auch bez\u00fcglich der Produkte der folgenden Gesellschaften, die zur selben Unternehmensgruppe (im Folgenden \u201eGruppe\u201c) geh\u00f6ren: <b>SM Tenimenti Pile e Lamole e Vistarenni e San Disdagio S.r.l. Societ\u00e0 Agricola<\/b>, <b>C\u00e0 Maiol S.r.l. Societ\u00e0 Agricola<\/b> und <b>Cantina Mesa S.r.l. Societ\u00e0 Agricola<\/b> (im Folgenden zusammengefasst \u201eProdukte und Dienstleistungen\u201d).<\/p>\n<p>&nbsp;<\/p>\n<p class=\"p3\"><span style=\"text-decoration: underline;\"><span class=\"s1\"><b>Zweck und Rechtsgrundlage der Datenverarbeitung<\/b><\/span><\/span><\/p>\n<p class=\"p3\">Herita verarbeitet die personenbezogenen Daten f\u00fcr unterschiedliche Zwecke:<\/p>\n<ol class=\"ol1\">\n<li class=\"li3\">Verwendung der Kontaktdaten des Betroffenen (Telefon, Mobilnummer, E-Mail) zur \u00dcbermittlung von kommerziellen Informationen, Werbung, Einladungen zu Veranstaltungen, Meinungsumfragen, etc. (\u201e<b>Marketing\u201c<\/b>), Produkte und Dienstleistungen betreffend: f\u00fcr diese Zwecke ist die ausdr\u00fcckliche Einwilligung notwendig.<\/li>\n<li class=\"li3\">Analyse von Konsumverhalten, -gewohnheiten und -tendenzen des Betroffenen zum Zweck der Erf\u00fcllung entsprechender Anforderungen und zur Verbesserung von Produkten und Dienstleistungen, auch mittels Versenden personalisierter kommerzieller Kommunikationen (\u201e<b>Profiling<\/b>\u201d): f\u00fcr diese Zwecke ist die ausdr\u00fcckliche Einwilligung notwendig, gesondert von der im vorherigen Punkt genannten.<\/li>\n<li class=\"li2\">Dokumentation der Einwilligungen bez\u00fcglich der Marketing- und\/oder Profiling-Zwecke auch nach deren Widerrufen: f\u00fcr diesen Zweck ist die ausdr\u00fcckliche Einwilligung nicht vorausgesetzt, denn die Verarbeitung ist notwendig f\u00fcr das Verfolgen des berechtigten Interesses von Herita, eventuellen Anfragen in diesem Bereich (seitens des Betroffenen oder zust\u00e4ndiger Beh\u00f6rden) problemlos nachkommen zu k\u00f6nnen, auch zum Imageschutz der gesamten Gruppe.<\/li>\n<\/ol>\n<p>&nbsp;<\/p>\n<p class=\"p3\"><span style=\"text-decoration: underline;\"><span class=\"s1\"><b>Profiling<\/b><\/span><\/span><\/p>\n<p class=\"p2\">Zum unter Punkt 2) genannten Zweck beabsichtigt Herita mittels automatisierter Entscheidungssysteme, die Interaktion des Betroffenen mit den zu Marketingzwecken erhaltenen Kommunikationen (z.B. \u00d6ffnen, Anklicken, etc.) und sein Verhalten im Zusammenhang mit Erfahrungen, die er mit den verschiedenen Gesellschaften der Gruppe gemacht hat (z.B. Besichtigungen, Eink\u00e4ufe, etc.), zu analysieren, um einen Kommunikationsablauf auf der Basis dieser Analysen zu aktivieren.<\/p>\n<p>&nbsp;<\/p>\n<p class=\"p3\"><span style=\"text-decoration: underline;\"><span class=\"s1\"><b>Dauer der Datenspeicherung<\/b><\/span><\/span><\/p>\n<p class=\"p3\">Herita verarbeitet die Daten entsprechend den folgenden zeitlichen Kriterien:<\/p>\n<ul class=\"ul1\">\n<li class=\"li3\">zum unter Punkt 1) genannten Zweck werden die Daten nach ihrer Registrierung 24 Monate verarbeitet, wobei der Betroffene seine Einwilligung jederzeit widerrufen und der Widerruf auch nur eine einzelne Kontaktangabe betreffen kann.<\/li>\n<li class=\"li3\">zum unter Punkt 2) genannten Zweck werden die Daten nach ihrer Registrierung 12 Monate verarbeitet, wobei der Betroffene seine Einwilligung jederzeit widerrufen kann.<\/li>\n<li class=\"li3\">zum unter Punkt 3) genannten Zweck werden die Daten 6 Monate nach Widerruf der zuletzt erteilten Einwilligung verarbeitet.<\/li>\n<\/ul>\n<p class=\"p2\">In jedem Fall erfolgt vorbehaltlich eine weitere Speicherung \u00fcber den notwendigen Zeitraum bis zur (tats\u00e4chlich erreichten) Kl\u00e4rung eventuell entstandener Kontroversen.<\/p>\n<p>&nbsp;<\/p>\n<p class=\"p3\"><span style=\"text-decoration: underline;\"><span class=\"s1\"><b>Art der Datenbereitstellung und Folgen im Fall der Ablehnung<\/b><\/span><\/span><\/p>\n<p class=\"p2\">Die Bereitstellung der Daten ist optional: bei fehlender Bereitstellung \u00fcbermittelt Herita keine Kommunikationen zu Marketingzwecken und\/oder betreibt kein Profiling; im Fall der fehlenden Einwilligung zum Profiling kann der Betroffene trotzdem Marketingmitteilungen empfangen, die dann nicht personalisiert ausfallen: Mit dem Formular werden detaillierte Angaben zu diesem Punkt geliefert.<\/p>\n<p>&nbsp;<\/p>\n<p class=\"p3\"><span class=\"s1\"><span style=\"text-decoration: underline;\"><b>Kategorie der Empf\u00e4nger<\/b><\/span><b><\/b><\/span><\/p>\n<p class=\"p3\">Der Tr\u00e4ger verbreitet die Daten nicht, aber er kann sie sowohl internen Mitarbeitern mitteilen, die f\u00fcr die Verarbeitung aufgrund der entsprechenden Aufgaben autorisiert sind, als auch (z.B. IT-) Fachleuten oder Dienstleistungsunternehmen und \u00f6ffentlichen oder privaten Einrichtungen, auch im Zusammenhang mit Inspektionen und \u00dcberpr\u00fcfungen.<\/p>\n<p class=\"p2\">Sofern diese Empf\u00e4nger im Auftrag des Tr\u00e4gers Daten verarbeiten, werden sie mit einem entsprechenden Vertrag oder einem anderen Rechtsakt zu Verantwortlichen der Datenverarbeitung erkl\u00e4rt.<\/p>\n<p>&nbsp;<\/p>\n<p class=\"p3\"><span style=\"text-decoration: underline;\"><span class=\"s1\"><b>Datentransfer in ein Drittland und\/oder an eine internationale Organisation<\/b><\/span><\/span><\/p>\n<p class=\"p2\">Der Tr\u00e4ger nutzt einige IT-Dienstleistungen des Cloud Computing, die eine Datenverarbeitung mittels Server oder Informatiktechnologien zur Folge haben k\u00f6nnen, die sich au\u00dferhalb des Europ\u00e4ischen Wirtschaftsraums befinden: in all diesen F\u00e4llen findet der Transfer unter Einhaltung der entsprechenden Datenschutzverordnungen statt. Insbesondere erfolgt der Transfer in L\u00e4nder, deren Datenschutzverordnung von der Europ\u00e4ischen Kommission anerkannt wurde, bzw. werden die Empf\u00e4nger durch spezielle Vertragsklauseln reglementiert (die gleichen, die die Gruppe f\u00fcr Unternehmenseinheiten anwendet und die, von der Europ\u00e4ischen Kommission f\u00fcr Drittl\u00e4nder genehmigten): f\u00fcr weitere Ausk\u00fcnfte kann der Tr\u00e4ger kontaktiert werden.<\/p>\n<p>&nbsp;<\/p>\n<p class=\"p3\"><span style=\"text-decoration: underline;\"><span class=\"s1\"><b>Rechte der Betroffenen<\/b><\/span><\/span><\/p>\n<p class=\"p3\">Der Betroffene hat das Recht, vom Tr\u00e4ger Auskunft \u00fcber seine personenbezogenen Daten, ihre Korrektur bei Unstimmigkeiten, ihre L\u00f6schung oder das Einschr\u00e4nken ihrer Verarbeitung zu fordern, sofern daf\u00fcr die Voraussetzungen bestehen, und sich ihrer Verarbeitung aus berechtigtem Interesse der Tr\u00e4ger zu widersetzen;<span class=\"Apple-converted-space\">\u00a0 <\/span>au\u00dferdem hat er das Recht auf \u00dcbertragbarkeit der pers\u00f6nlich \u00fcbermittelten Daten, sofern es sich um eine automatisierte Verarbeitung auf der Grundlage einer Einwilligung oder eines Vertrages handelt. Der Betroffene hat ebenso das Recht, die erteilte Einwilligung f\u00fcr die Verarbeitung zu den Zwecken, f\u00fcr die diese erforderlich ist, zu widerrufen, ungeachtet der Rechtm\u00e4\u00dfigkeit, mit der die Verarbeitung bis zum Moment des Widerrufs erfolgte.<\/p>\n<p class=\"p2\">Zur Aus\u00fcbung seiner Rechte kann der Betroffene das unter dem folgenden Link abrufbare Formular verwenden <span style=\"text-decoration: underline;\"><a href=\"https:\/\/www.garanteprivacy.it\/web\/guest\/home\/docweb\/-\/docweb-display\/docweb\/1089924\" target=\"_blank\" rel=\"noopener\"><span class=\"s2\">https:\/\/www.garanteprivacy.it\/web\/guest\/home\/docweb\/-\/docweb-display\/docweb\/1089924<\/span><\/a><\/span> und es an die folgende Adresse des Tr\u00e4gers senden:<span class=\"s2\"> privacy@heritawines.com<\/span><span class=\"s1\">.<\/span> Der Betroffene hat auch das Recht, Beschwerde bei dem zust\u00e4ndigen Datenschutzbeauftragten, der Italienischen Datenschutzbeh\u00f6rde GPDP (<span style=\"text-decoration: underline;\"><a href=\"http:\/\/www.garanteprivacy.it\" target=\"_blank\" rel=\"noopener\"><span class=\"s3\">www.garanteprivacy.it<\/span><\/a><\/span>)<span class=\"Apple-converted-space\">\u00a0 <\/span>einzulegen.<\/p>\n","protected":false},"excerpt":{"rendered":"<p>AUFKL\u00c4RUNGSSCHREIBEN ZUR VERARBEITUNG PERSONENBEZOGENER DATEN &nbsp; Herita Marzotto Wines S.p.A. informiert als Tr\u00e4ger der Verarbeitung personenbezogener Daten (im Folgenden \u201eTr\u00e4ger\u201c und\/oder \u201e Herita) mit diesem Schreiben den Betroffenen unter Einhaltung der Europ\u00e4ischen und Italienischen Verordnung zum Schutz personenbezogener Daten. Zu den hier beschriebenen Zwecken handelt Herita als Tr\u00e4ger der Datenverarbeitung in Bezug auf die Produkte [&hellip;]<\/p>\n","protected":false},"author":1,"featured_media":0,"parent":0,"menu_order":0,"comment_status":"closed","ping_status":"open","template":"","meta":{"_acf_changed":false,"footnotes":""},"class_list":["post-2184","page","type-page","status-publish","hentry"],"acf":[],"_links":{"self":[{"href":"https:\/\/www.kettmeir.com\/de\/wp-json\/wp\/v2\/pages\/2184","targetHints":{"allow":["GET"]}}],"collection":[{"href":"https:\/\/www.kettmeir.com\/de\/wp-json\/wp\/v2\/pages"}],"about":[{"href":"https:\/\/www.kettmeir.com\/de\/wp-json\/wp\/v2\/types\/page"}],"author":[{"embeddable":true,"href":"https:\/\/www.kettmeir.com\/de\/wp-json\/wp\/v2\/users\/1"}],"replies":[{"embeddable":true,"href":"https:\/\/www.kettmeir.com\/de\/wp-json\/wp\/v2\/comments?post=2184"}],"version-history":[{"count":4,"href":"https:\/\/www.kettmeir.com\/de\/wp-json\/wp\/v2\/pages\/2184\/revisions"}],"predecessor-version":[{"id":2218,"href":"https:\/\/www.kettmeir.com\/de\/wp-json\/wp\/v2\/pages\/2184\/revisions\/2218"}],"wp:attachment":[{"href":"https:\/\/www.kettmeir.com\/de\/wp-json\/wp\/v2\/media?parent=2184"}],"curies":[{"name":"wp","href":"https:\/\/api.w.org\/{rel}","templated":true}]}}