{"id":2168,"date":"2026-01-30T17:42:59","date_gmt":"2026-01-30T16:42:59","guid":{"rendered":"https:\/\/www.kettmeir.com\/?page_id=2168"},"modified":"2026-01-30T17:52:35","modified_gmt":"2026-01-30T16:52:35","slug":"privacy-policy-2","status":"publish","type":"page","link":"https:\/\/www.kettmeir.com\/de\/privacy-policy-kontakte\/","title":{"rendered":"Privacy Policy"},"content":{"rendered":"<p class=\"p1\"><b>AUFKL\u00c4RUNGSSCHREIBEN ZUR VERARBEITUNG PERSONENBEZOGENER DATEN<\/b><\/p>\n<p>&nbsp;<\/p>\n<p class=\"p3\">Herita Marzotto Wines S.p.A. informiert als Tr\u00e4ger der Verarbeitung personenbezogener Daten (im Folgenden \u201eTr\u00e4ger\u201c) mit diesem Schreiben den Betroffenen unter Einhaltung der Europ\u00e4ischen und Italienischen Verordnung zum Schutz personenbezogener Daten.<\/p>\n<p class=\"p3\">Der Verantwortliche hat einen Datenschutzbeauftragten (DSB) benannt, der unter <span style=\"text-decoration: underline;\"><a href=\"mailto:dpo@heritawines.com\"><span class=\"s1\">dpo@heritawines.com<\/span><\/a><\/span> erreichbar ist.<\/p>\n<p>&nbsp;<\/p>\n<p class=\"p4\"><span class=\"s2\"><b>Zweck und Rechtsgrundlage der Datenverarbeitung<\/b><\/span><\/p>\n<p class=\"p3\">Der Tr\u00e4ger verarbeitet die personenbezogenen Daten, die ihm mittels des vorliegenden Formulars kommuniziert wurden, nur f\u00fcr die Beantwortung der erhalten Anfragen, zum Beispiel der Bitte um Auskunft bez\u00fcglich der Produkte oder Dienstleistungen (einschlie\u00dflich des Versands von Brosch\u00fcre, Katalog und\/oder anderem betrieblichen Informationsmaterial), der Anforderung eines Kostenvoranschlages, etc.: die Einwilligung ist deshalb nicht erforderlich, weil die Verarbeitung notwendig ist, um diese Anfragen erwidern zu k\u00f6nnen.<\/p>\n<p>&nbsp;<\/p>\n<p class=\"p4\"><span class=\"s2\"><b>Dauer der Datenspeicherung<\/b><\/span><\/p>\n<p class=\"p3\">Die Daten werden f\u00fcr den Zeitraum verarbeitet, der f\u00fcr die Beantwortung notwendig ist, und in der Regel nicht l\u00e4nger als drei Monate nach der letzten Kontaktaufnahme, vorbehaltlich einer weiteren Speicherung \u00fcber den notwendigen Zeitraum bis zur (tats\u00e4chlich erreichten) Kl\u00e4rung eventuell entstandener Kontroversen.<\/p>\n<p>&nbsp;<\/p>\n<p class=\"p4\"><span class=\"s2\"><b>Art der Datenbereitstellung und Folgen im Fall der Ablehnung<\/b><\/span><\/p>\n<p class=\"p3\">Die Bereitstellung der Daten steht in direktem Zusammenhang mit der Nutzung des Kontaktformulars und ist deshalb notwendig, um die Informationsanfrage zu \u00fcbermitteln: bei mangelnder Bereitstellung ist es unm\u00f6glich, die erbetenen Ausk\u00fcnfte zu erteilen.<\/p>\n<p>&nbsp;<\/p>\n<p class=\"p4\"><span class=\"s2\"><b>Bereich der \u00dcbermittlung der Daten und Kategorie der Empf\u00e4nger<\/b><b><\/b><\/span><\/p>\n<p class=\"p4\">Der Tr\u00e4ger verbreitet die Daten nicht, aber er kann sie sowohl internen Mitarbeitern mitteilen, die f\u00fcr die Verarbeitung aufgrund der entsprechenden Aufgaben autorisiert sind, als auch Gesellschaften, die zur selben Unternehmensgruppe geh\u00f6ren, Fachleuten oder Dienstleistungsunternehmen und \u00f6ffentlichen oder privaten Einrichtungen, auch im Zusammenhang mit Inspektionen und \u00dcberpr\u00fcfungen.<\/p>\n<p class=\"p3\">Sofern diese Empf\u00e4nger im Auftrag des Tr\u00e4gers Daten verarbeiten, werden sie mit einem entsprechenden Vertrag oder einem anderen Rechtsakt zu Verantwortlichen der Datenverarbeitung erkl\u00e4rt.<\/p>\n<p>&nbsp;<\/p>\n<p class=\"p4\"><span class=\"s2\"><b>Datentransfer in ein Drittland und\/oder an eine internationale Organisation<\/b><\/span><\/p>\n<p class=\"p3\">Die personenbezogenen Daten werden weder in nichteurop\u00e4ische Drittl\u00e4nder noch an internationale Organisationen \u00fcbermittelt.<\/p>\n<p>&nbsp;<\/p>\n<p class=\"p4\"><span class=\"s2\"><b>Rechte der Betroffenen<\/b><\/span><\/p>\n<p class=\"p4\">Der Betroffene hat das Recht, von dem Tr\u00e4ger Auskunft \u00fcber seine personenbezogenen Daten, ihre Korrektur bei Unstimmigkeiten, ihre L\u00f6schung oder das Einschr\u00e4nken ihrer Verarbeitung zu fordern, sofern daf\u00fcr die Voraussetzungen bestehen; au\u00dferdem hat er das Recht auf die \u00dcbertragbarkeit der pers\u00f6nlich \u00fcbermittelten Daten.<\/p>\n<p class=\"p3\">Zur Aus\u00fcbung seiner Rechte kann der Betroffene das <span style=\"text-decoration: underline;\"><a href=\"https:\/\/www.garanteprivacy.it\/web\/guest\/home\/docweb\/-\/docweb-display\/docweb\/1089924\" target=\"_blank\" rel=\"noopener\"><span class=\"s1\">hier<\/span><\/a><\/span> abrufbare Formular verwenden und es an die folgende Adresse des Tr\u00e4gers<span class=\"Apple-converted-space\">\u00a0 <\/span>senden: <span style=\"text-decoration: underline;\"><a href=\"mailto:privacy@heritawines.com\"><span class=\"s1\">privacy@heritawines.com<\/span><\/a><\/span>. Der Betroffene hat auch das Recht, Beschwerde bei dem zust\u00e4ndigen Datenschutzbeauftragten, der Italienischen Datenschutzbeh\u00f6rde GPDP (<span style=\"text-decoration: underline;\"><a href=\"http:\/\/www.garanteprivacy.it\" target=\"_blank\" rel=\"noopener\"><span class=\"s3\">www.garanteprivacy.it<\/span><\/a><\/span>)<span class=\"Apple-converted-space\">\u00a0 <\/span>einzulegen.<\/p>\n","protected":false},"excerpt":{"rendered":"<p>AUFKL\u00c4RUNGSSCHREIBEN ZUR VERARBEITUNG PERSONENBEZOGENER DATEN &nbsp; Herita Marzotto Wines S.p.A. informiert als Tr\u00e4ger der Verarbeitung personenbezogener Daten (im Folgenden \u201eTr\u00e4ger\u201c) mit diesem Schreiben den Betroffenen unter Einhaltung der Europ\u00e4ischen und Italienischen Verordnung zum Schutz personenbezogener Daten. Der Verantwortliche hat einen Datenschutzbeauftragten (DSB) benannt, der unter dpo@heritawines.com erreichbar ist. &nbsp; Zweck und Rechtsgrundlage der Datenverarbeitung Der [&hellip;]<\/p>\n","protected":false},"author":1,"featured_media":0,"parent":0,"menu_order":0,"comment_status":"closed","ping_status":"open","template":"","meta":{"_acf_changed":false,"footnotes":""},"class_list":["post-2168","page","type-page","status-publish","hentry"],"acf":[],"_links":{"self":[{"href":"https:\/\/www.kettmeir.com\/de\/wp-json\/wp\/v2\/pages\/2168","targetHints":{"allow":["GET"]}}],"collection":[{"href":"https:\/\/www.kettmeir.com\/de\/wp-json\/wp\/v2\/pages"}],"about":[{"href":"https:\/\/www.kettmeir.com\/de\/wp-json\/wp\/v2\/types\/page"}],"author":[{"embeddable":true,"href":"https:\/\/www.kettmeir.com\/de\/wp-json\/wp\/v2\/users\/1"}],"replies":[{"embeddable":true,"href":"https:\/\/www.kettmeir.com\/de\/wp-json\/wp\/v2\/comments?post=2168"}],"version-history":[{"count":3,"href":"https:\/\/www.kettmeir.com\/de\/wp-json\/wp\/v2\/pages\/2168\/revisions"}],"predecessor-version":[{"id":2182,"href":"https:\/\/www.kettmeir.com\/de\/wp-json\/wp\/v2\/pages\/2168\/revisions\/2182"}],"wp:attachment":[{"href":"https:\/\/www.kettmeir.com\/de\/wp-json\/wp\/v2\/media?parent=2168"}],"curies":[{"name":"wp","href":"https:\/\/api.w.org\/{rel}","templated":true}]}}