{"id":1408,"date":"2023-11-14T12:37:34","date_gmt":"2023-11-14T11:37:34","guid":{"rendered":"https:\/\/kettmeir.wearesim.dev\/privacy-policy\/"},"modified":"2026-01-30T15:28:35","modified_gmt":"2026-01-30T14:28:35","slug":"privacy-policy","status":"publish","type":"page","link":"https:\/\/www.kettmeir.com\/de\/privacy-policy\/","title":{"rendered":"Privacy Policy"},"content":{"rendered":"<p class=\"p2\"><b>AUFKL\u00c4RUNGSSCHREIBEN ZUR VERARBEITUNG PERSONENBEZOGENER DATEN <\/b><b><\/b><\/p>\n<p>Herita Marzotto Wines S.p.A. ist Tr\u00e4ger der Verarbeitung personenbezogener Daten (im Folgenden \u201eTr\u00e4ger\u201c) und informiert Sie mit diesem Schreiben unter Einhaltung der Europ\u00e4ischen und Italienischen Verordnung zum Schutz personenbezogener Daten dar\u00fcber, zu welchem Zweck und auf welche Art die personenbezogenen Daten verarbeitet werden, die Sie beim Navigieren dieser Website (im Folgenden Website) bekannt geben k\u00f6nnten.<br \/>\nEs wird darauf hingewiesen, dass dieses Aufkl\u00e4rungsschreiben sich ausschlie\u00dflich auf die Website und nicht auf die Websites Dritter bezieht, auf die der Nutzer eventuell durch Verlinkung mit dieser Website ger\u00e4t.<\/p>\n<p>&nbsp;<\/p>\n<p><span style=\"text-decoration: underline;\"><strong>KATEGORIEN DER VERARBEITETEN DATEN<\/strong><\/span><br \/>\n<strong>Navigationsdaten<\/strong><br \/>\nDie Website funktioniert durch Informatiksysteme und Softwareverfahren, die im Verlauf ihrer normalen Ausf\u00fchrung einige personenbezogene Daten erfassen, deren \u00dcbermittlung durch die Nutzung der Internet-Kommunikationsprotokolle impliziert ist. Es handelt sich um Daten, die nicht gesammelt werden, um identifizierten Betroffenen zugeordnet zu werden, die aber aufgrund ihrer Beschaffenheit durch Verarbeitung und Verkn\u00fcpfung mit Daten im Besitz Dritter die Identifizierung der Nutzer erm\u00f6glichen k\u00f6nnten. In diese Datenkategorie fallen zum Beispiel die IP-Adressen oder die Domain-Namen der zum Aufrufen der Website vom Nutzer verwendeten Computer, die URI-Adressen (Uniform Resource Identifier) der angeforderten Ressourcen, die Uhrzeit der Anfrage, die verwendete Methode zur \u00dcbermittlung der Anfrage an den Server, die Gr\u00f6\u00dfe der Antwortdatei, der numerische Code, der den Status der Serverantwort anzeigt (erfolgreich, Fehler, etc.) und sonstige Parameter, die sich auf das Betriebssystem und das IT-Umfeld des Nutzers beziehen. Diese Daten werden nur zu dem Zweck verarbeitet, anonyme statistische Ausk\u00fcnfte \u00fcber die Nutzung der Website zu erhalten und deren korrektes Funktionieren zu kontrollieren, und sie werden unmittelbar nach der Auswertung gel\u00f6scht.<\/p>\n<p>&nbsp;<\/p>\n<p><strong>Freiwillig vom Nutzer bereitgestellte Daten<\/strong><br \/>\nDas \u2013 optionale, ausdr\u00fcckliche und freiwillige &#8211; Versenden von E-Mails an die auf der Website angegebenen Adressen hat das anschlie\u00dfende Erfassen Ihrer Mailanschrift, die notwendig ist, um Ihre Anfragen beantworten zu k\u00f6nnen, sowie sonstiger eventuell bereitgestellter personenbezogener Daten zur Folge. Die Website enth\u00e4lt Formulare zum Ausf\u00fcllen, die von spezifischen Aufkl\u00e4rungsschreiben \u00fcber die Verarbeitung der personenbezogenen Daten und, dort wo es notwendig ist, von der Anfrage nach Einwilligung begleitet sind: wir bitten deshalb vor der Nutzung des Formulars um entsprechende Kenntnisnahme.<\/p>\n<p>&nbsp;<\/p>\n<p><strong>Cookie<\/strong><br \/>\nF\u00fcr jegliche Auskunft bez\u00fcglich der Nutzung von Cookies durch die Website bitte das entsprechende Aufkl\u00e4rungsschreiben durch Klicken auf den folgenden <a href=\"https:\/\/www.iubenda.com\/privacy-policy\/22732503\/cookie-policy\" target=\"_blank\" rel=\"noopener\"><span style=\"text-decoration: underline;\">Link aufrufen<\/span><\/a>.<\/p>\n<p>&nbsp;<\/p>\n<p><span style=\"text-decoration: underline;\"><strong>ZWECK UND RECHTSGRUNDLAGE DER VERARBEITUNG, ART DER DATENBEREITSTELLUNG UND FOLGEN IM FALL DER ABLEHNUNG<\/strong><\/span><\/p>\n<p>Der Verantwortliche hat einen Datenschutzbeauftragten (DSB) benannt, der unter <a href=\"mailto:dpo@heritawines.com\"><span style=\"text-decoration: underline;\">dpo@heritawines.com<\/span><\/a> erreichbar ist.<br \/>\nDer Tr\u00e4ger verarbeitet Ihre Daten, um das Navigieren zu vereinfachen und, um die eventuell von Ihnen, mittels der auf der Website zur Verf\u00fcgung stehenden Formulare, angefragten Dienstleistungen zu erbringen. Abgesehen von den Vorgaben f\u00fcr die Navigationsdaten und die technischen Cookies haben Sie in den verschiedenen Bereichen der Website, die einzelne Dienstleistungen auf Anfrage anbieten, die freie Wahl, Ihre personenbezogenen Daten zu den in den entsprechenden Aufkl\u00e4rungsschreiben angegebenen Zwecken zu \u00fcbermitteln, aber eine fehlende Bereitstellung k\u00f6nnte es unm\u00f6glich machen, die erbetene Dienstleistung zu erhalten.<\/p>\n<p>&nbsp;<\/p>\n<p><span style=\"text-decoration: underline;\"><strong>DAUER DER DATENSPEICHERUNG<\/strong><\/span><br \/>\nDer Tr\u00e4ger verarbeitet die durch die Nutzung der Website gesammelten personenbezogenen Daten f\u00fcr den Zeitraum, der f\u00fcr die Erf\u00fcllung der Zwecke, f\u00fcr die sie gesammelt wurden, unbedingt erforderlich ist, sowie dar\u00fcber hinaus so lange, wie eventuell von den geltenden Vorschriften vorgegeben.<br \/>\nF\u00fcr weitere Details wird auf die Aufkl\u00e4rungsschreiben verwiesen, die in Verbindung mit den einzelnen Formularen zur Verf\u00fcgung stehen.<\/p>\n<p>&nbsp;<\/p>\n<p><span style=\"text-decoration: underline;\"><strong>BEREICH DER DATEN\u00dcBERMITTLUNG UND KATEGORIE DER EMPF\u00c4NGER<\/strong><\/span><br \/>\nDer Tr\u00e4ger verbreitet die Daten nicht, aber er kann sie sowohl internen Mitarbeitern mitteilen, die f\u00fcr die Verarbeitung aufgrund der entsprechenden Aufgaben autorisiert sind, als auch Externen, denen die Daten notwendigerweise \u00fcbermittelt werden m\u00fcssen. Sofern diese Empf\u00e4nger im Auftrag des Tr\u00e4gers Daten verarbeiten, werden sie mit einem entsprechenden Vertrag oder einem anderen Rechtsakt zu Verantwortlichen der Datenverarbeitung erkl\u00e4rt.<br \/>\nF\u00fcr weitere Details wird auf die Aufkl\u00e4rungsschreiben verwiesen, die in Verbindung mit den einzelnen Formularen zur Verf\u00fcgung stehen.<\/p>\n<p>&nbsp;<\/p>\n<p><span style=\"text-decoration: underline;\"><strong>DATENTRANSFER IN EIN DRITTLAND UND\/ODER AN EINE INTERNATIONALE ORGANISATION<\/strong><\/span><br \/>\nIhre personenbezogenen Daten werden in der Regel nicht an Drittl\u00e4nder au\u00dferhalb Europas \u00fcbermittelt: Ausnahmen werden in den mit den Formularen zur Verf\u00fcgung stehenden Aufkl\u00e4rungsschreiben genannt.<\/p>\n<p>&nbsp;<\/p>\n<p><span style=\"text-decoration: underline;\"><strong>RECHTE DER BETROFFENEN<\/strong><\/span><br \/>\nSie haben das Recht, von dem Tr\u00e4ger Auskunft \u00fcber Ihre personenbezogenen Daten, deren Korrektur bei Unstimmigkeiten, ihre L\u00f6schung oder das Einschr\u00e4nken ihrer Verarbeitung zu fordern, sofern daf\u00fcr die Voraussetzungen bestehen, und sich ihrer Verarbeitung aus berechtigtem Interesse des Tr\u00e4ges zu widersetzen; au\u00dferdem haben Sie das Recht auf die \u00dcbertragbarkeit der pers\u00f6nlich \u00fcbermittelten Daten, sofern es sich um eine automatisierte Verarbeitung auf der Grundlage einer Einwilligung oder eines Vertrages handelt. Sie haben ebenso das Recht, die erteilte Einwilligung f\u00fcr die Verarbeitung zu den Zwecken, f\u00fcr die diese erforderlich ist, zu widerrufen, ungeachtet der Rechtm\u00e4\u00dfigkeit, mit der die Verarbeitung bis zum Moment des Widerrufs erfolgte.<br \/>\nZur Aus\u00fcbung Ihrer Rechte gem\u00e4\u00df dem vorliegenden Aufkl\u00e4rungsschreiben zum Datenschutz k\u00f6nnen Sie <a href=\"https:\/\/www.garanteprivacy.it\/web\/guest\/home\/docweb\/-\/docweb-display\/docweb\/1089924\" target=\"_blank\" rel=\"noopener\"><span style=\"text-decoration: underline;\">das hier<\/span><\/a> abrufbare Formular verwenden und es an die folgende Adresse senden: <a href=\"mailto:privacy@heritawines.com\"><span style=\"text-decoration: underline;\">privacy@heritawines.com<\/span><\/a>. Zur Aus\u00fcbung der Rechte gem\u00e4\u00df den verschiedenen Formularen wird auf die gemeinsam mit diesen zur Verf\u00fcgung stehenden Aufkl\u00e4rungsschreiben verwiesen. Wir weisen darauf hin, dass Sie au\u00dferdem das Recht haben, Beschwerde bei dem zust\u00e4ndigen Datenschutzbeauftragten, der Italienischen Datenschutzbeh\u00f6rde GPDP (<a href=\"https:\/\/www.www.garanteprivacy.it\" target=\"_blank\" rel=\"noopener\">www.garanteprivacy.it<\/a>) einzulegen.<\/p>\n<p>&nbsp;<\/p>\n<p>Letzte Aktualisierung: Januar 2025<\/p>\n<p>&nbsp;<\/p>\n<p>Es k\u00f6nnten sich \u00c4nderungen an diesem Aufkl\u00e4rungsschreibens ergeben: wir empfehlen deshalb, das Datum der letzten \u00dcberarbeitung zu pr\u00fcfen.<\/p>\n","protected":false},"excerpt":{"rendered":"<p>AUFKL\u00c4RUNGSSCHREIBEN ZUR VERARBEITUNG PERSONENBEZOGENER DATEN Herita Marzotto Wines S.p.A. ist Tr\u00e4ger der Verarbeitung personenbezogener Daten (im Folgenden \u201eTr\u00e4ger\u201c) und informiert Sie mit diesem Schreiben unter Einhaltung der Europ\u00e4ischen und Italienischen Verordnung zum Schutz personenbezogener Daten dar\u00fcber, zu welchem Zweck und auf welche Art die personenbezogenen Daten verarbeitet werden, die Sie beim Navigieren dieser Website (im [&hellip;]<\/p>\n","protected":false},"author":1,"featured_media":0,"parent":0,"menu_order":0,"comment_status":"closed","ping_status":"open","template":"","meta":{"_acf_changed":false,"footnotes":""},"class_list":["post-1408","page","type-page","status-publish","hentry"],"acf":[],"_links":{"self":[{"href":"https:\/\/www.kettmeir.com\/de\/wp-json\/wp\/v2\/pages\/1408","targetHints":{"allow":["GET"]}}],"collection":[{"href":"https:\/\/www.kettmeir.com\/de\/wp-json\/wp\/v2\/pages"}],"about":[{"href":"https:\/\/www.kettmeir.com\/de\/wp-json\/wp\/v2\/types\/page"}],"author":[{"embeddable":true,"href":"https:\/\/www.kettmeir.com\/de\/wp-json\/wp\/v2\/users\/1"}],"replies":[{"embeddable":true,"href":"https:\/\/www.kettmeir.com\/de\/wp-json\/wp\/v2\/comments?post=1408"}],"version-history":[{"count":3,"href":"https:\/\/www.kettmeir.com\/de\/wp-json\/wp\/v2\/pages\/1408\/revisions"}],"predecessor-version":[{"id":2162,"href":"https:\/\/www.kettmeir.com\/de\/wp-json\/wp\/v2\/pages\/1408\/revisions\/2162"}],"wp:attachment":[{"href":"https:\/\/www.kettmeir.com\/de\/wp-json\/wp\/v2\/media?parent=1408"}],"curies":[{"name":"wp","href":"https:\/\/api.w.org\/{rel}","templated":true}]}}